{"id":194,"date":"2021-09-21T11:14:11","date_gmt":"2021-09-21T11:14:11","guid":{"rendered":"https:\/\/testerwp.com\/wp\/hospital-service\/?page_id=39"},"modified":"2023-12-17T23:48:57","modified_gmt":"2023-12-17T22:48:57","slug":"39-2","status":"publish","type":"page","link":"https:\/\/www.arztjagerberg.at\/?page_id=194","title":{"rendered":"\u00dcber mich"},"content":{"rendered":"\n<p>Liebe Patientinnen und Patienten, es freut mich sehr, Sie auf der Website der Praxis Dr. Alexandra Stradner begr\u00fc\u00dfen zu d\u00fcrfen. Als Ihre \u00c4rztin f\u00fcr Allgemeinmedizin liegt mir Ihre Gesundheit und Ihr Wohlbefinden am Herzen. In meiner modern ausgestatteten Praxis in Jagerberg biete ich Ihnen eine umfassende Betreuung f\u00fcr die ganze Familie.<\/p>\n\n\n\n<p>In meiner Praxis steht der Mensch im Mittelpunkt. Eine vertrauensvolle Arzt-Patienten-Beziehung, individuelle Beratung und eine ganzheitliche Betrachtung Ihrer Gesundheit sind mir besonders wichtig. Gemeinsam erarbeiten wir L\u00f6sungen, um Ihre Lebensqualit\u00e4t zu verbessern und Krankheiten effektiv zu behandeln.<\/p>\n\n\n\n<p>Sie haben Fragen, m\u00f6chten einen Termin vereinbaren oder ben\u00f6tigen weitere Informationen? Gerne stehe ich Ihnen zur Verf\u00fcgung. Ich freue mich darauf, Sie in meiner Praxis pers\u00f6nlich begr\u00fc\u00dfen zu d\u00fcrfen.<\/p>\n\n\n\n<p>Mit herzlichen Gr\u00fc\u00dfen,<br>Dr. Alexandra Stradner<\/p>\n","protected":false},"excerpt":{"rendered":"<p>Liebe Patientinnen und Patienten, es freut mich sehr, Sie auf der Website der Praxis Dr. Alexandra Stradner begr\u00fc\u00dfen zu d\u00fcrfen. Als Ihre \u00c4rztin f\u00fcr Allgemeinmedizin liegt mir Ihre Gesundheit und Ihr Wohlbefinden am Herzen. In meiner modern ausgestatteten Praxis in Jagerberg biete ich Ihnen eine umfassende Betreuung f\u00fcr die ganze Familie. In meiner Praxis steht [&hellip;]<\/p>\n","protected":false},"author":1,"featured_media":275,"parent":0,"menu_order":0,"comment_status":"closed","ping_status":"closed","template":"","meta":{"footnotes":""},"_links":{"self":[{"href":"https:\/\/www.arztjagerberg.at\/index.php?rest_route=\/wp\/v2\/pages\/194"}],"collection":[{"href":"https:\/\/www.arztjagerberg.at\/index.php?rest_route=\/wp\/v2\/pages"}],"about":[{"href":"https:\/\/www.arztjagerberg.at\/index.php?rest_route=\/wp\/v2\/types\/page"}],"author":[{"embeddable":true,"href":"https:\/\/www.arztjagerberg.at\/index.php?rest_route=\/wp\/v2\/users\/1"}],"replies":[{"embeddable":true,"href":"https:\/\/www.arztjagerberg.at\/index.php?rest_route=%2Fwp%2Fv2%2Fcomments&post=194"}],"version-history":[{"count":4,"href":"https:\/\/www.arztjagerberg.at\/index.php?rest_route=\/wp\/v2\/pages\/194\/revisions"}],"predecessor-version":[{"id":261,"href":"https:\/\/www.arztjagerberg.at\/index.php?rest_route=\/wp\/v2\/pages\/194\/revisions\/261"}],"wp:featuredmedia":[{"embeddable":true,"href":"https:\/\/www.arztjagerberg.at\/index.php?rest_route=\/wp\/v2\/media\/275"}],"wp:attachment":[{"href":"https:\/\/www.arztjagerberg.at\/index.php?rest_route=%2Fwp%2Fv2%2Fmedia&parent=194"}],"curies":[{"name":"wp","href":"https:\/\/api.w.org\/{rel}","templated":true}]}}